{"id":989,"date":"2024-05-31T13:33:30","date_gmt":"2024-05-31T11:33:30","guid":{"rendered":"http:\/\/nutzfahrzeugtechnik.org\/contact\/"},"modified":"2025-09-26T12:09:24","modified_gmt":"2025-09-26T10:09:24","slug":"contact","status":"publish","type":"page","link":"https:\/\/schleuderkette.de\/fr\/contact\/","title":{"rendered":"Contact"},"content":{"rendered":"\t\t<div data-elementor-type=\"wp-page\" data-elementor-id=\"989\" class=\"elementor elementor-989 elementor-40\" data-elementor-post-type=\"page\">\n\t\t\t\t<div class=\"elementor-element elementor-element-10872c2 e-flex e-con-boxed e-con e-parent\" data-id=\"10872c2\" data-element_type=\"container\">\n\t\t\t\t\t<div class=\"e-con-inner\">\n\t\t<div class=\"elementor-element elementor-element-582d8e6 e-con-full e-flex e-con e-child\" data-id=\"582d8e6\" data-element_type=\"container\" data-settings=\"{&quot;background_background&quot;:&quot;classic&quot;}\">\n\t\t\t\t<div class=\"elementor-element elementor-element-3c734a5 elementor-widget elementor-widget-heading\" data-id=\"3c734a5\" data-element_type=\"widget\" data-widget_type=\"heading.default\">\n\t\t\t\t<div class=\"elementor-widget-container\">\n\t\t\t\t\t<h2 class=\"elementor-heading-title elementor-size-default\">Contact<\/h2>\t\t\t\t<\/div>\n\t\t\t\t<\/div>\n\t\t\t\t<div class=\"elementor-element elementor-element-b821596 elementor-widget__width-initial elementor-widget elementor-widget-text-editor\" data-id=\"b821596\" data-element_type=\"widget\" data-widget_type=\"text-editor.default\">\n\t\t\t\t<div class=\"elementor-widget-container\">\n\t\t\t\t\t\t\t\t\t<p>Avez-vous d&rsquo;autres questions ou commentaires ? <br>N&rsquo;h\u00e9sitez pas \u00e0 utiliser notre formulaire de contact ou \u00e0 nous contacter directement par t\u00e9l\u00e9phone ou par e-mail.<\/p>\t\t\t\t\t\t\t\t<\/div>\n\t\t\t\t<\/div>\n\t\t\t\t<div class=\"elementor-element elementor-element-f23d934 elementor-icon-list--layout-traditional elementor-list-item-link-full_width elementor-widget elementor-widget-icon-list\" data-id=\"f23d934\" data-element_type=\"widget\" data-widget_type=\"icon-list.default\">\n\t\t\t\t<div class=\"elementor-widget-container\">\n\t\t\t\t\t\t\t<ul class=\"elementor-icon-list-items\">\n\t\t\t\t\t\t\t<li class=\"elementor-icon-list-item\">\n\t\t\t\t\t\t\t\t\t\t\t<span class=\"elementor-icon-list-icon\">\n\t\t\t\t\t\t\t<svg aria-hidden=\"true\" class=\"e-font-icon-svg e-fas-phone-alt\" viewBox=\"0 0 512 512\" xmlns=\"http:\/\/www.w3.org\/2000\/svg\"><path d=\"M497.39 361.8l-112-48a24 24 0 0 0-28 6.9l-49.6 60.6A370.66 370.66 0 0 1 130.6 204.11l60.6-49.6a23.94 23.94 0 0 0 6.9-28l-48-112A24.16 24.16 0 0 0 122.6.61l-104 24A24 24 0 0 0 0 48c0 256.5 207.9 464 464 464a24 24 0 0 0 23.4-18.6l24-104a24.29 24.29 0 0 0-14.01-27.6z\"><\/path><\/svg>\t\t\t\t\t\t<\/span>\n\t\t\t\t\t\t\t\t\t\t<span class=\"elementor-icon-list-text\">+49 - (0)2104 \/ 9379-0<\/span>\n\t\t\t\t\t\t\t\t\t<\/li>\n\t\t\t\t\t\t\t\t<li class=\"elementor-icon-list-item\">\n\t\t\t\t\t\t\t\t\t\t\t<a href=\"mailto:info@rotachain.com\">\n\n\t\t\t\t\t\t\t\t\t\t\t\t<span class=\"elementor-icon-list-icon\">\n\t\t\t\t\t\t\t<svg aria-hidden=\"true\" class=\"e-font-icon-svg e-fas-envelope\" viewBox=\"0 0 512 512\" xmlns=\"http:\/\/www.w3.org\/2000\/svg\"><path d=\"M502.3 190.8c3.9-3.1 9.7-.2 9.7 4.7V400c0 26.5-21.5 48-48 48H48c-26.5 0-48-21.5-48-48V195.6c0-5 5.7-7.8 9.7-4.7 22.4 17.4 52.1 39.5 154.1 113.6 21.1 15.4 56.7 47.8 92.2 47.6 35.7.3 72-32.8 92.3-47.6 102-74.1 131.6-96.3 154-113.7zM256 320c23.2.4 56.6-29.2 73.4-41.4 132.7-96.3 142.8-104.7 173.4-128.7 5.8-4.5 9.2-11.5 9.2-18.9v-19c0-26.5-21.5-48-48-48H48C21.5 64 0 85.5 0 112v19c0 7.4 3.4 14.3 9.2 18.9 30.6 23.9 40.7 32.4 173.4 128.7 16.8 12.2 50.2 41.8 73.4 41.4z\"><\/path><\/svg>\t\t\t\t\t\t<\/span>\n\t\t\t\t\t\t\t\t\t\t<span class=\"elementor-icon-list-text\">info@rotachain.com<\/span>\n\t\t\t\t\t\t\t\t\t\t\t<\/a>\n\t\t\t\t\t\t\t\t\t<\/li>\n\t\t\t\t\t\t<\/ul>\n\t\t\t\t\t\t<\/div>\n\t\t\t\t<\/div>\n\t\t\t\t<div class=\"elementor-element elementor-element-86a8fc9 elementor-widget elementor-widget-image\" data-id=\"86a8fc9\" data-element_type=\"widget\" data-widget_type=\"image.default\">\n\t\t\t\t<div class=\"elementor-widget-container\">\n\t\t\t\t\t\t\t\t\t\t\t\t\t\t\t<img fetchpriority=\"high\" decoding=\"async\" width=\"398\" height=\"308\" src=\"https:\/\/schleuderkette.de\/wp-content\/uploads\/2024\/05\/de.jpg\" class=\"attachment-large size-large wp-image-921\" alt=\"\" srcset=\"https:\/\/schleuderkette.de\/wp-content\/uploads\/2024\/05\/de.jpg 398w, https:\/\/schleuderkette.de\/wp-content\/uploads\/2024\/05\/de-300x232.jpg 300w\" sizes=\"(max-width: 398px) 100vw, 398px\" \/>\t\t\t\t\t\t\t\t\t\t\t\t\t\t\t<\/div>\n\t\t\t\t<\/div>\n\t\t\t\t<\/div>\n\t\t<div class=\"elementor-element elementor-element-f50ff17 e-con-full e-flex e-con e-child\" data-id=\"f50ff17\" data-element_type=\"container\">\n\t\t\t\t<div class=\"elementor-element elementor-element-b84f6ec elementor-widget elementor-widget-heading\" data-id=\"b84f6ec\" data-element_type=\"widget\" data-widget_type=\"heading.default\">\n\t\t\t\t<div class=\"elementor-widget-container\">\n\t\t\t\t\t<h2 class=\"elementor-heading-title elementor-size-default\">Formulaire de contact<br><\/h2>\t\t\t\t<\/div>\n\t\t\t\t<\/div>\n\t\t\t\t<div class=\"elementor-element elementor-element-73086a9 elementor-button-align-start elementor-widget elementor-widget-form\" data-id=\"73086a9\" data-element_type=\"widget\" data-settings=\"{&quot;step_next_label&quot;:&quot;Suivant&quot;,&quot;step_previous_label&quot;:&quot;Pr\\u00e9c\\u00e9dent&quot;,&quot;button_width&quot;:&quot;100&quot;,&quot;step_type&quot;:&quot;number_text&quot;,&quot;step_icon_shape&quot;:&quot;circle&quot;}\" data-widget_type=\"form.default\">\n\t\t\t\t<div class=\"elementor-widget-container\">\n\t\t\t\t\t\t\t<form class=\"elementor-form\" method=\"post\" name=\"Nouveau formulaire\" novalidate=\"\">\n\t\t\t<input type=\"hidden\" name=\"post_id\" value=\"989\"\/>\n\t\t\t<input type=\"hidden\" name=\"form_id\" value=\"73086a9\"\/>\n\t\t\t<input type=\"hidden\" name=\"referer_title\" value=\"Schleuderketten Rotationsketten\" \/>\n\n\t\t\t\n\t\t\t<div class=\"elementor-form-fields-wrapper elementor-labels-above\">\n\t\t\t\t\t\t\t\t<div class=\"elementor-field-type-select elementor-field-group elementor-column elementor-field-group-anrede elementor-col-33 elementor-field-required elementor-mark-required\">\n\t\t\t\t\t\t\t\t\t\t\t\t<label for=\"form-field-anrede\" class=\"elementor-field-label\">\n\t\t\t\t\t\t\t\tCivilit\u00e9\t\t\t\t\t\t\t<\/label>\n\t\t\t\t\t\t\t\t<div class=\"elementor-field elementor-select-wrapper remove-before \">\n\t\t\t<div class=\"select-caret-down-wrapper\">\n\t\t\t\t<svg aria-hidden=\"true\" class=\"e-font-icon-svg e-eicon-caret-down\" viewBox=\"0 0 571.4 571.4\" xmlns=\"http:\/\/www.w3.org\/2000\/svg\"><path d=\"M571 393Q571 407 561 418L311 668Q300 679 286 679T261 668L11 418Q0 407 0 393T11 368 36 357H536Q550 357 561 368T571 393Z\"><\/path><\/svg>\t\t\t<\/div>\n\t\t\t<select name=\"form_fields[anrede]\" id=\"form-field-anrede\" class=\"elementor-field-textual elementor-size-sm\" required=\"required\" aria-required=\"true\">\n\t\t\t\t\t\t\t\t\t<option value=\"\">Veuillez s\u00e9lectionner:<\/option>\n\t\t\t\t\t\t\t\t\t<option value=\"Monsieur\">Monsieur<\/option>\n\t\t\t\t\t\t\t\t\t<option value=\"Madame\">Madame<\/option>\n\t\t\t\t\t\t\t\t\t<option value=\"Autre\">Autre<\/option>\n\t\t\t\t\t\t\t<\/select>\n\t\t<\/div>\n\t\t\t\t\t\t<\/div>\n\t\t\t\t\t\t\t\t<div class=\"elementor-field-type-text elementor-field-group elementor-column elementor-field-group-vorname elementor-col-33 elementor-field-required elementor-mark-required\">\n\t\t\t\t\t\t\t\t\t\t\t\t<label for=\"form-field-vorname\" class=\"elementor-field-label\">\n\t\t\t\t\t\t\t\tPr\u00e9nom\t\t\t\t\t\t\t<\/label>\n\t\t\t\t\t\t\t\t\t\t\t\t\t\t<input size=\"1\" type=\"text\" name=\"form_fields[vorname]\" id=\"form-field-vorname\" class=\"elementor-field elementor-size-sm  elementor-field-textual\" placeholder=\"Pr\u00e9nom\" required=\"required\" aria-required=\"true\">\n\t\t\t\t\t\t\t\t\t\t\t<\/div>\n\t\t\t\t\t\t\t\t<div class=\"elementor-field-type-text elementor-field-group elementor-column elementor-field-group-nachname elementor-col-33 elementor-field-required elementor-mark-required\">\n\t\t\t\t\t\t\t\t\t\t\t\t<label for=\"form-field-nachname\" class=\"elementor-field-label\">\n\t\t\t\t\t\t\t\tNom\t\t\t\t\t\t\t<\/label>\n\t\t\t\t\t\t\t\t\t\t\t\t\t\t<input size=\"1\" type=\"text\" name=\"form_fields[nachname]\" id=\"form-field-nachname\" class=\"elementor-field elementor-size-sm  elementor-field-textual\" placeholder=\"Nom\" required=\"required\" aria-required=\"true\">\n\t\t\t\t\t\t\t\t\t\t\t<\/div>\n\t\t\t\t\t\t\t\t<div class=\"elementor-field-type-email elementor-field-group elementor-column elementor-field-group-email elementor-col-50 elementor-field-required elementor-mark-required\">\n\t\t\t\t\t\t\t\t\t\t\t\t<label for=\"form-field-email\" class=\"elementor-field-label\">\n\t\t\t\t\t\t\t\tE-mail\t\t\t\t\t\t\t<\/label>\n\t\t\t\t\t\t\t\t\t\t\t\t\t\t<input size=\"1\" type=\"email\" name=\"form_fields[email]\" id=\"form-field-email\" class=\"elementor-field elementor-size-sm  elementor-field-textual\" placeholder=\"E-mail\" required=\"required\" aria-required=\"true\">\n\t\t\t\t\t\t\t\t\t\t\t<\/div>\n\t\t\t\t\t\t\t\t<div class=\"elementor-field-type-tel elementor-field-group elementor-column elementor-field-group-telefon elementor-col-50\">\n\t\t\t\t\t\t\t\t\t\t\t\t<label for=\"form-field-telefon\" class=\"elementor-field-label\">\n\t\t\t\t\t\t\t\tT\u00e9l\u00e9phone\t\t\t\t\t\t\t<\/label>\n\t\t\t\t\t\t\t\t<input size=\"1\" type=\"tel\" name=\"form_fields[telefon]\" id=\"form-field-telefon\" class=\"elementor-field elementor-size-sm  elementor-field-textual\" placeholder=\"T\u00e9l\u00e9phone\" pattern=\"[0-9()#&amp;+*-=.]+\" title=\"Seuls les caract\u00e8res de num\u00e9ros de t\u00e9l\u00e9phone (#, -, *, etc.) sont accept\u00e9s.\">\n\n\t\t\t\t\t\t<\/div>\n\t\t\t\t\t\t\t\t<div class=\"elementor-field-type-textarea elementor-field-group elementor-column elementor-field-group-Nachricht elementor-col-100 elementor-field-required elementor-mark-required\">\n\t\t\t\t\t\t\t\t\t\t\t\t<label for=\"form-field-Nachricht\" class=\"elementor-field-label\">\n\t\t\t\t\t\t\t\tMessage\t\t\t\t\t\t\t<\/label>\n\t\t\t\t\t\t<textarea class=\"elementor-field-textual elementor-field  elementor-size-sm\" name=\"form_fields[Nachricht]\" id=\"form-field-Nachricht\" rows=\"5\" placeholder=\"Message\" required=\"required\" aria-required=\"true\"><\/textarea>\t\t\t\t<\/div>\n\t\t\t\t\t\t\t\t<div class=\"elementor-field-type-acceptance elementor-field-group elementor-column elementor-field-group-field_0da52b4 elementor-col-100 elementor-field-required elementor-mark-required\">\n\t\t\t\t\t\t\t<div class=\"elementor-field-subgroup\">\n\t\t\t<span class=\"elementor-field-option\">\n\t\t\t\t<input type=\"checkbox\" name=\"form_fields[field_0da52b4]\" id=\"form-field-field_0da52b4\" class=\"elementor-field elementor-size-sm  elementor-acceptance-field\" required=\"required\" aria-required=\"true\">\n\t\t\t\t<label for=\"form-field-field_0da52b4\">J'accepte que mes informations issues de ce formulaire soient collect\u00e9es et trait\u00e9es pour r\u00e9pondre \u00e0 ma demande. Les donn\u00e9es seront supprim\u00e9es une fois votre demande trait\u00e9e. <\/label>\t\t\t<\/span>\n\t\t<\/div>\n\t\t\t\t\t\t<\/div>\n\t\t\t\t\t\t\t\t<div class=\"elementor-field-type-hcaptcha elementor-field-group elementor-column elementor-field-group-field_26831fb elementor-col-100\">\n\t\t\t\t\t<div class=\"elementor-field\" id=\"form-field-field_26831fb\"><div class=\"elementor-hcaptcha\">\t\t<input\n\t\t\t\ttype=\"hidden\"\n\t\t\t\tclass=\"hcaptcha-widget-id\"\n\t\t\t\tname=\"hcaptcha-widget-id\"\n\t\t\t\tvalue=\"eyJzb3VyY2UiOlsiZWxlbWVudG9yLXByb1wvZWxlbWVudG9yLXByby5waHAiXSwiZm9ybV9pZCI6MH0=-117064b7bfb5cee1d7f141b6e14e7a64\">\n\t\t\t\t<h-captcha\n\t\t\tclass=\"h-captcha\"\n\t\t\tdata-sitekey=\"0618f580-9e3e-44fa-adb6-ba1a94546a28\"\n\t\t\tdata-theme=\"light\"\n\t\t\tdata-size=\"normal\"\n\t\t\tdata-auto=\"false\"\n\t\t\tdata-ajax=\"false\"\n\t\t\tdata-force=\"true\">\n\t\t<\/h-captcha>\n\t\t<\/div><\/div>\t\t\t\t<\/div>\n\t\t\t\t\t\t\t\t<div class=\"elementor-field-group elementor-column elementor-field-type-submit elementor-col-100 e-form__buttons\">\n\t\t\t\t\t<button class=\"elementor-button elementor-size-sm\" type=\"submit\">\n\t\t\t\t\t\t<span class=\"elementor-button-content-wrapper\">\n\t\t\t\t\t\t\t\t\t\t\t\t\t\t\t\t\t\t\t\t\t\t<span class=\"elementor-button-text\">Envoyer<\/span>\n\t\t\t\t\t\t\t\t\t\t\t\t\t<\/span>\n\t\t\t\t\t<\/button>\n\t\t\t\t<\/div>\n\t\t\t<\/div>\n\t\t<\/form>\n\t\t\t\t\t\t<\/div>\n\t\t\t\t<\/div>\n\t\t\t\t<\/div>\n\t\t\t\t\t<\/div>\n\t\t\t\t<\/div>\n\t\t\t\t<\/div>\n\t\t","protected":false},"excerpt":{"rendered":"<p>Contact Avez-vous d&rsquo;autres questions ou commentaires ? N&rsquo;h\u00e9sitez pas \u00e0 utiliser notre formulaire de contact ou \u00e0 nous contacter directement par t\u00e9l\u00e9phone ou par e-mail. +49 &#8211; (0)2104 \/ 9379-0 info@rotachain.com Formulaire de contact<\/p>\n","protected":false},"author":1,"featured_media":0,"parent":0,"menu_order":0,"comment_status":"closed","ping_status":"closed","template":"","meta":{"footnotes":""},"class_list":["post-989","page","type-page","status-publish","hentry"],"yoast_head":"<!-- This site is optimized with the Yoast SEO plugin v24.8.1 - https:\/\/yoast.com\/wordpress\/plugins\/seo\/ -->\n<title>Rotachain cha\u00eenages automatiques - Contact<\/title>\n<meta name=\"description\" content=\"Rotachain cha\u00eenages automatiques - Vous avez des questions ou des remarques ? Envoyez-nous un message via notre formulaire de contact\u202f!\" \/>\n<meta name=\"robots\" content=\"index, follow, max-snippet:-1, max-image-preview:large, max-video-preview:-1\" \/>\n<link rel=\"canonical\" href=\"https:\/\/schleuderkette.de\/fr\/contact\/\" \/>\n<meta property=\"og:locale\" content=\"fr_FR\" \/>\n<meta property=\"og:type\" content=\"article\" \/>\n<meta property=\"og:title\" content=\"Rotachain cha\u00eenages automatiques - Contact\" \/>\n<meta property=\"og:description\" content=\"Rotachain cha\u00eenages automatiques - Vous avez des questions ou des remarques ? Envoyez-nous un message via notre formulaire de contact\u202f!\" \/>\n<meta property=\"og:url\" content=\"https:\/\/schleuderkette.de\/fr\/contact\/\" \/>\n<meta property=\"og:site_name\" content=\"Schleuderketten Rotationsketten\" \/>\n<meta property=\"article:modified_time\" content=\"2025-09-26T10:09:24+00:00\" \/>\n<meta property=\"og:image\" content=\"https:\/\/anfahrhilfe.com\/wp-content\/uploads\/2024\/05\/de.jpg\" \/>\n<meta name=\"twitter:card\" content=\"summary_large_image\" \/>\n<meta name=\"twitter:label1\" content=\"Dur\u00e9e de lecture estim\u00e9e\" \/>\n\t<meta name=\"twitter:data1\" content=\"1 minute\" \/>\n<script type=\"application\/ld+json\" class=\"yoast-schema-graph\">{\"@context\":\"https:\/\/schema.org\",\"@graph\":[{\"@type\":\"WebPage\",\"@id\":\"https:\/\/schleuderkette.de\/fr\/contact\/\",\"url\":\"https:\/\/schleuderkette.de\/fr\/contact\/\",\"name\":\"Rotachain cha\u00eenages automatiques - Contact\",\"isPartOf\":{\"@id\":\"https:\/\/www.anfahrhilfen.de\/#website\"},\"primaryImageOfPage\":{\"@id\":\"https:\/\/schleuderkette.de\/fr\/contact\/#primaryimage\"},\"image\":{\"@id\":\"https:\/\/schleuderkette.de\/fr\/contact\/#primaryimage\"},\"thumbnailUrl\":\"https:\/\/anfahrhilfe.com\/wp-content\/uploads\/2024\/05\/de.jpg\",\"datePublished\":\"2024-05-31T11:33:30+00:00\",\"dateModified\":\"2025-09-26T10:09:24+00:00\",\"description\":\"Rotachain cha\u00eenages automatiques - Vous avez des questions ou des remarques ? Envoyez-nous un message via notre formulaire de contact\u202f!\",\"breadcrumb\":{\"@id\":\"https:\/\/schleuderkette.de\/fr\/contact\/#breadcrumb\"},\"inLanguage\":\"fr-FR\",\"potentialAction\":[{\"@type\":\"ReadAction\",\"target\":[\"https:\/\/schleuderkette.de\/fr\/contact\/\"]}]},{\"@type\":\"ImageObject\",\"inLanguage\":\"fr-FR\",\"@id\":\"https:\/\/schleuderkette.de\/fr\/contact\/#primaryimage\",\"url\":\"https:\/\/anfahrhilfe.com\/wp-content\/uploads\/2024\/05\/de.jpg\",\"contentUrl\":\"https:\/\/anfahrhilfe.com\/wp-content\/uploads\/2024\/05\/de.jpg\"},{\"@type\":\"BreadcrumbList\",\"@id\":\"https:\/\/schleuderkette.de\/fr\/contact\/#breadcrumb\",\"itemListElement\":[{\"@type\":\"ListItem\",\"position\":1,\"name\":\"Startseite\",\"item\":\"https:\/\/rotationsketten.de\/fr\/\"},{\"@type\":\"ListItem\",\"position\":2,\"name\":\"Contact\"}]},{\"@type\":\"WebSite\",\"@id\":\"https:\/\/www.anfahrhilfen.de\/#website\",\"url\":\"https:\/\/www.anfahrhilfen.de\/\",\"name\":\"Schleuderketten Rotationsketten\",\"description\":\"Rotachain f\u00fcr Nutzfahrzeuge wie MAN, Mercedes Benz, Iveco, Scania, Renault, DAF\",\"publisher\":{\"@id\":\"https:\/\/www.anfahrhilfen.de\/#organization\"},\"potentialAction\":[{\"@type\":\"SearchAction\",\"target\":{\"@type\":\"EntryPoint\",\"urlTemplate\":\"https:\/\/www.anfahrhilfen.de\/?s={search_term_string}\"},\"query-input\":{\"@type\":\"PropertyValueSpecification\",\"valueRequired\":true,\"valueName\":\"search_term_string\"}}],\"inLanguage\":\"fr-FR\"},{\"@type\":\"Organization\",\"@id\":\"https:\/\/www.anfahrhilfen.de\/#organization\",\"name\":\"Schleuderketten Rotationsketten\",\"url\":\"https:\/\/www.anfahrhilfen.de\/\",\"logo\":{\"@type\":\"ImageObject\",\"inLanguage\":\"fr-FR\",\"@id\":\"https:\/\/www.anfahrhilfen.de\/#\/schema\/logo\/image\/\",\"url\":\"https:\/\/schleuderkette.de\/wp-content\/uploads\/2024\/05\/rota_chain_Logo-2-1.png\",\"contentUrl\":\"https:\/\/schleuderkette.de\/wp-content\/uploads\/2024\/05\/rota_chain_Logo-2-1.png\",\"width\":423,\"height\":256,\"caption\":\"Schleuderketten Rotationsketten\"},\"image\":{\"@id\":\"https:\/\/www.anfahrhilfen.de\/#\/schema\/logo\/image\/\"}}]}<\/script>\n<!-- \/ Yoast SEO plugin. -->","yoast_head_json":{"title":"Rotachain cha\u00eenages automatiques - Contact","description":"Rotachain cha\u00eenages automatiques - Vous avez des questions ou des remarques ? Envoyez-nous un message via notre formulaire de contact\u202f!","robots":{"index":"index","follow":"follow","max-snippet":"max-snippet:-1","max-image-preview":"max-image-preview:large","max-video-preview":"max-video-preview:-1"},"canonical":"https:\/\/schleuderkette.de\/fr\/contact\/","og_locale":"fr_FR","og_type":"article","og_title":"Rotachain cha\u00eenages automatiques - Contact","og_description":"Rotachain cha\u00eenages automatiques - Vous avez des questions ou des remarques ? Envoyez-nous un message via notre formulaire de contact\u202f!","og_url":"https:\/\/schleuderkette.de\/fr\/contact\/","og_site_name":"Schleuderketten Rotationsketten","article_modified_time":"2025-09-26T10:09:24+00:00","og_image":[{"url":"https:\/\/anfahrhilfe.com\/wp-content\/uploads\/2024\/05\/de.jpg","type":"","width":"","height":""}],"twitter_card":"summary_large_image","twitter_misc":{"Dur\u00e9e de lecture estim\u00e9e":"1 minute"},"schema":{"@context":"https:\/\/schema.org","@graph":[{"@type":"WebPage","@id":"https:\/\/schleuderkette.de\/fr\/contact\/","url":"https:\/\/schleuderkette.de\/fr\/contact\/","name":"Rotachain cha\u00eenages automatiques - Contact","isPartOf":{"@id":"https:\/\/www.anfahrhilfen.de\/#website"},"primaryImageOfPage":{"@id":"https:\/\/schleuderkette.de\/fr\/contact\/#primaryimage"},"image":{"@id":"https:\/\/schleuderkette.de\/fr\/contact\/#primaryimage"},"thumbnailUrl":"https:\/\/anfahrhilfe.com\/wp-content\/uploads\/2024\/05\/de.jpg","datePublished":"2024-05-31T11:33:30+00:00","dateModified":"2025-09-26T10:09:24+00:00","description":"Rotachain cha\u00eenages automatiques - Vous avez des questions ou des remarques ? Envoyez-nous un message via notre formulaire de contact\u202f!","breadcrumb":{"@id":"https:\/\/schleuderkette.de\/fr\/contact\/#breadcrumb"},"inLanguage":"fr-FR","potentialAction":[{"@type":"ReadAction","target":["https:\/\/schleuderkette.de\/fr\/contact\/"]}]},{"@type":"ImageObject","inLanguage":"fr-FR","@id":"https:\/\/schleuderkette.de\/fr\/contact\/#primaryimage","url":"https:\/\/anfahrhilfe.com\/wp-content\/uploads\/2024\/05\/de.jpg","contentUrl":"https:\/\/anfahrhilfe.com\/wp-content\/uploads\/2024\/05\/de.jpg"},{"@type":"BreadcrumbList","@id":"https:\/\/schleuderkette.de\/fr\/contact\/#breadcrumb","itemListElement":[{"@type":"ListItem","position":1,"name":"Startseite","item":"https:\/\/rotationsketten.de\/fr\/"},{"@type":"ListItem","position":2,"name":"Contact"}]},{"@type":"WebSite","@id":"https:\/\/www.anfahrhilfen.de\/#website","url":"https:\/\/www.anfahrhilfen.de\/","name":"Schleuderketten Rotationsketten","description":"Rotachain f\u00fcr Nutzfahrzeuge wie MAN, Mercedes Benz, Iveco, Scania, Renault, DAF","publisher":{"@id":"https:\/\/www.anfahrhilfen.de\/#organization"},"potentialAction":[{"@type":"SearchAction","target":{"@type":"EntryPoint","urlTemplate":"https:\/\/www.anfahrhilfen.de\/?s={search_term_string}"},"query-input":{"@type":"PropertyValueSpecification","valueRequired":true,"valueName":"search_term_string"}}],"inLanguage":"fr-FR"},{"@type":"Organization","@id":"https:\/\/www.anfahrhilfen.de\/#organization","name":"Schleuderketten Rotationsketten","url":"https:\/\/www.anfahrhilfen.de\/","logo":{"@type":"ImageObject","inLanguage":"fr-FR","@id":"https:\/\/www.anfahrhilfen.de\/#\/schema\/logo\/image\/","url":"https:\/\/schleuderkette.de\/wp-content\/uploads\/2024\/05\/rota_chain_Logo-2-1.png","contentUrl":"https:\/\/schleuderkette.de\/wp-content\/uploads\/2024\/05\/rota_chain_Logo-2-1.png","width":423,"height":256,"caption":"Schleuderketten Rotationsketten"},"image":{"@id":"https:\/\/www.anfahrhilfen.de\/#\/schema\/logo\/image\/"}}]}},"_links":{"self":[{"href":"https:\/\/schleuderkette.de\/fr\/wp-json\/wp\/v2\/pages\/989","targetHints":{"allow":["GET"]}}],"collection":[{"href":"https:\/\/schleuderkette.de\/fr\/wp-json\/wp\/v2\/pages"}],"about":[{"href":"https:\/\/schleuderkette.de\/fr\/wp-json\/wp\/v2\/types\/page"}],"author":[{"embeddable":true,"href":"https:\/\/schleuderkette.de\/fr\/wp-json\/wp\/v2\/users\/1"}],"replies":[{"embeddable":true,"href":"https:\/\/schleuderkette.de\/fr\/wp-json\/wp\/v2\/comments?post=989"}],"version-history":[{"count":191,"href":"https:\/\/schleuderkette.de\/fr\/wp-json\/wp\/v2\/pages\/989\/revisions"}],"predecessor-version":[{"id":11269,"href":"https:\/\/schleuderkette.de\/fr\/wp-json\/wp\/v2\/pages\/989\/revisions\/11269"}],"wp:attachment":[{"href":"https:\/\/schleuderkette.de\/fr\/wp-json\/wp\/v2\/media?parent=989"}],"curies":[{"name":"wp","href":"https:\/\/api.w.org\/{rel}","templated":true}]}}